{"id":6,"date":"2024-04-30T17:43:18","date_gmt":"2024-04-30T15:43:18","guid":{"rendered":"https:\/\/www.marketingovetajomstva.sk\/?page_id=6"},"modified":"2024-10-02T09:49:32","modified_gmt":"2024-10-02T07:49:32","slug":"domov","status":"publish","type":"page","link":"https:\/\/www.marketingovetajomstva.sk\/","title":{"rendered":"Domov"},"content":{"rendered":"<p>[et_pb_section fb_built=&#8220;1&#8243; admin_label=&#8220;Header&#8220; _builder_version=&#8220;4.22.0&#8243; _module_preset=&#8220;default&#8220; background_color=&#8220;gcid-fc7b31e8-94d8-4560-b647-c33fa43cc805&#8243; overflow-x=&#8220;hidden&#8220; overflow-y=&#8220;hidden&#8220; custom_margin=&#8220;25px|30px|25px|30px|true|true&#8220; custom_padding=&#8220;||49px|||&#8220; border_radii=&#8220;on|10px|10px|10px|10px&#8220; collapsed=&#8220;on&#8220; global_colors_info=&#8220;{%22gcid-fc7b31e8-94d8-4560-b647-c33fa43cc805%22:%91%22background_color%22,%22background_color%22%93}&#8220;][et_pb_row column_structure=&#8220;1_2,1_2&#8243; make_equal=&#8220;on&#8220; _builder_version=&#8220;4.22.0&#8243; _module_preset=&#8220;default&#8220; background_enable_color=&#8220;off&#8220; custom_padding=&#8220;||0px|||&#8220; global_colors_info=&#8220;{%22gcid-fc7b31e8-94d8-4560-b647-c33fa43cc805%22:%91%22background_color%22%93}&#8220;][et_pb_column type=&#8220;1_2&#8243; _builder_version=&#8220;4.22.0&#8243; _module_preset=&#8220;default&#8220; z_index=&#8220;10&#8243; custom_padding=&#8220;6vw||6vw||true|false&#8220; custom_padding_tablet=&#8220;|30px|||true|false&#8220; custom_padding_phone=&#8220;|20px|||true|false&#8220; custom_padding_last_edited=&#8220;on|tablet&#8220; global_colors_info=&#8220;{}&#8220;][et_pb_text _builder_version=&#8220;4.24.3&#8243; _module_preset=&#8220;18625856-0522-4e17-9c80-ba29754b03b1&#8243; global_colors_info=&#8220;{}&#8220;]<\/p>\n<h4>Nov\u00fd podcast o marketingu<\/h4>\n<p>[\/et_pb_text][et_pb_text _builder_version=&#8220;4.22.0&#8243; _module_preset=&#8220;841fcce8-6cb8-43a9-8fe2-0b7468fa319c&#8220; custom_margin=&#8220;||10px||false|false&#8220; global_colors_info=&#8220;{}&#8220;]<\/p>\n<h1>Marketingov\u00e9 tajomstv\u00e1<\/h1>\n<p>[\/et_pb_text][et_pb_text _builder_version=&#8220;4.24.3&#8243; _module_preset=&#8220;b631f738-ab1c-4a68-b573-68c3728547a9&#8243; global_colors_info=&#8220;{}&#8220;]<\/p>\n<p>Dve market\u00e9rky &#8211; Tamara Gon\u010darova (TAMI) a Veronika Bo\u0161kov\u00e1 (Veron) sa spojili v podcaste, ktor\u00fd si chcete vypo\u010du\u0165.<\/p>\n<p>[\/et_pb_text][et_pb_text _builder_version=&#8220;4.24.3&#8243; _module_preset=&#8220;default&#8220; global_colors_info=&#8220;{}&#8220;]<iframe loading=\"lazy\" src=\"https:\/\/podcasters.spotify.com\/pod\/show\/marketingove-tajomstva\/embed\" height=\"102px\" width=\"400px\" frameborder=\"0\" scrolling=\"no\"><\/iframe>[\/et_pb_text][\/et_pb_column][et_pb_column type=&#8220;1_2&#8243; _builder_version=&#8220;4.22.0&#8243; _module_preset=&#8220;default&#8220; global_colors_info=&#8220;{}&#8220;][et_pb_image src=&#8220;https:\/\/www.marketingovetajomstva.sk\/wp-content\/uploads\/2024\/04\/Tami-a-Veron.jpg&#8220; title_text=&#8220;Tami a Veron&#8220; show_bottom_space=&#8220;off&#8220; _builder_version=&#8220;4.24.3&#8243; _module_preset=&#8220;default&#8220; custom_margin=&#8220;|-10vw|||false|false&#8220; custom_margin_tablet=&#8220;|0vw|||false|false&#8220; custom_margin_phone=&#8220;|0vw|||false|false&#8220; custom_margin_last_edited=&#8220;on|tablet&#8220; global_colors_info=&#8220;{}&#8220;][\/et_pb_image][\/et_pb_column][\/et_pb_row][et_pb_row column_structure=&#8220;1_5,3_5,1_5&#8243; _builder_version=&#8220;4.24.3&#8243; _module_preset=&#8220;default&#8220; global_colors_info=&#8220;{}&#8220;][et_pb_column type=&#8220;1_5&#8243; _builder_version=&#8220;4.24.3&#8243; _module_preset=&#8220;default&#8220; global_colors_info=&#8220;{}&#8220;][\/et_pb_column][et_pb_column type=&#8220;3_5&#8243; _builder_version=&#8220;4.24.3&#8243; _module_preset=&#8220;default&#8220; global_colors_info=&#8220;{}&#8220;][et_pb_button button_url=&#8220;https:\/\/podcasters.spotify.com\/pod\/show\/marketingove-tajomstva&#8220; url_new_window=&#8220;on&#8220; button_text=&#8220;chcem si vypo\u010du\u0165 podcast&#8220; button_alignment=&#8220;center&#8220; _builder_version=&#8220;4.24.3&#8243; _module_preset=&#8220;01b9abc2-c691-4bf0-bdc4-6841ebb248f3&#8243; global_colors_info=&#8220;{}&#8220;][\/et_pb_button][\/et_pb_column][et_pb_column type=&#8220;1_5&#8243; _builder_version=&#8220;4.24.3&#8243; _module_preset=&#8220;default&#8220; global_colors_info=&#8220;{}&#8220;][\/et_pb_column][\/et_pb_row][\/et_pb_section][et_pb_section fb_built=&#8220;1&#8243; admin_label=&#8220;Features&#8220; _builder_version=&#8220;4.24.3&#8243; _module_preset=&#8220;default&#8220; use_background_color_gradient=&#8220;on&#8220; background_color_gradient_direction=&#8220;78deg&#8220; background_color_gradient_stops=&#8220;#331584 1%|#000000 97%&#8220; background_enable_image=&#8220;off&#8220; collapsed=&#8220;on&#8220; global_colors_info=&#8220;{}&#8220; custom_margin=&#8220;-27px|||||&#8220;][et_pb_row _builder_version=&#8220;4.22.0&#8243; _module_preset=&#8220;default&#8220; global_colors_info=&#8220;{}&#8220;][et_pb_column type=&#8220;4_4&#8243; _builder_version=&#8220;4.22.0&#8243; _module_preset=&#8220;default&#8220; global_colors_info=&#8220;{}&#8220;][et_pb_text _builder_version=&#8220;4.24.3&#8243; _module_preset=&#8220;05cd8c7e-a753-43c6-9747-1d9678e5924f&#8220; global_colors_info=&#8220;{}&#8220;]<\/p>\n<h2 style=\"text-align: center;\"><span style=\"color: #ffffff;\">Pozvite n\u00e1s na k\u00e1vu<\/span><\/h2>\n<p>[\/et_pb_text][et_pb_button button_url=&#8220;https:\/\/buymeacoffee.com\/marketingoh&#8220; url_new_window=&#8220;on&#8220; button_text=&#8220;idem na to&#8220; button_alignment=&#8220;center&#8220; _builder_version=&#8220;4.24.3&#8243; _module_preset=&#8220;01b9abc2-c691-4bf0-bdc4-6841ebb248f3&#8243; global_colors_info=&#8220;{}&#8220;][\/et_pb_button][\/et_pb_column][\/et_pb_row][\/et_pb_section][et_pb_section fb_built=&#8220;1&#8243; specialty=&#8220;on&#8220; admin_label=&#8220;Feature&#8220; _builder_version=&#8220;4.22.0&#8243; _module_preset=&#8220;default&#8220; collapsed=&#8220;on&#8220; global_colors_info=&#8220;{}&#8220;][et_pb_column type=&#8220;1_2&#8243; _builder_version=&#8220;4.16&#8243; _module_preset=&#8220;default&#8220; custom_padding=&#8220;|||&#8220; global_colors_info=&#8220;{}&#8220; custom_padding__hover=&#8220;|||&#8220;][et_pb_image src=&#8220;https:\/\/www.marketingovetajomstva.sk\/wp-content\/uploads\/2024\/08\/podcast-Marketingove-tajomstva.jpg&#8220; title_text=&#8220;podcast Marketingove tajomstva&#8220; _builder_version=&#8220;4.24.3&#8243; _module_preset=&#8220;default&#8220; custom_margin=&#8220;|||-20vw|false|false&#8220; border_radii=&#8220;on|10px|10px|10px|10px&#8220; locked=&#8220;off&#8220; global_colors_info=&#8220;{}&#8220;][\/et_pb_image][et_pb_image src=&#8220;https:\/\/www.marketingovetajomstva.sk\/wp-content\/uploads\/2024\/08\/career-coach-4.png&#8220; _builder_version=&#8220;4.24.3&#8243; _module_preset=&#8220;default&#8220; positioning=&#8220;absolute&#8220; position_origin_a=&#8220;center_left&#8220; custom_margin=&#8220;|||-20vw|false|false&#8220; locked=&#8220;off&#8220; global_colors_info=&#8220;{}&#8220;][\/et_pb_image][\/et_pb_column][et_pb_column type=&#8220;1_2&#8243; specialty_columns=&#8220;2&#8243; _builder_version=&#8220;4.16&#8243; _module_preset=&#8220;default&#8220; custom_padding=&#8220;|||&#8220; global_colors_info=&#8220;{}&#8220; custom_padding__hover=&#8220;|||&#8220;][et_pb_row_inner _builder_version=&#8220;4.22.0&#8243; _module_preset=&#8220;default&#8220; global_colors_info=&#8220;{}&#8220;][et_pb_column_inner saved_specialty_column_type=&#8220;1_2&#8243; _builder_version=&#8220;4.22.0&#8243; _module_preset=&#8220;default&#8220; global_colors_info=&#8220;{}&#8220;][et_pb_text _builder_version=&#8220;4.22.0&#8243; _module_preset=&#8220;05cd8c7e-a753-43c6-9747-1d9678e5924f&#8220; locked=&#8220;off&#8220; global_colors_info=&#8220;{}&#8220;]<\/p>\n<h2>Podcast, ktor\u00fd va\u0161ej firme pom\u00f4\u017ee r\u00e1s\u0165<\/h2>\n<p>[\/et_pb_text][et_pb_text _builder_version=&#8220;4.22.0&#8243; _module_preset=&#8220;b631f738-ab1c-4a68-b573-68c3728547a9&#8243; global_colors_info=&#8220;{}&#8220;]<\/p>\n<p>Sme marketingov\u00e9 expertky s dek\u00e1dou sk\u00fasenost\u00ed a stovkami spolupr\u00e1c s mal\u00fdmi \u010di ve\u013ek\u00fdmi zna\u010dkami. O marketingu nielen rozpr\u00e1vame, ale n\u00edm aj \u017eijeme. V na\u0161om podcaste sa s vami del\u00edme o u\u017eito\u010dn\u00e9 tipy, ako viete va\u0161ej firme pom\u00f4c\u0165 r\u00e1s\u0165. Dozviete sa nielen mno\u017estvo zauj\u00edmav\u00fdch inform\u00e1ci\u00ed, ale aj konkr\u00e9tne praktick\u00e9 tipy a n\u00e1vody, ako ich viete implementova\u0165 vo va\u0161om podnikan\u00ed.\u00a0<\/p>\n<p>[\/et_pb_text][\/et_pb_column_inner][\/et_pb_row_inner][et_pb_row_inner use_custom_gutter=&#8220;on&#8220; gutter_width=&#8220;2&#8243; _builder_version=&#8220;4.22.0&#8243; _module_preset=&#8220;default&#8220; global_colors_info=&#8220;{}&#8220;][et_pb_column_inner saved_specialty_column_type=&#8220;1_2&#8243; _builder_version=&#8220;4.22.0&#8243; _module_preset=&#8220;default&#8220; global_colors_info=&#8220;{}&#8220;][et_pb_image src=&#8220;https:\/\/www.marketingovetajomstva.sk\/wp-content\/uploads\/2024\/08\/Veron-a-Tami-scaled.jpg&#8220; title_text=&#8220;Veron a Tami&#8220; _builder_version=&#8220;4.24.3&#8243; _module_preset=&#8220;default&#8220; border_radii=&#8220;on|10px|10px|10px|10px&#8220; locked=&#8220;off&#8220; global_colors_info=&#8220;{}&#8220;][\/et_pb_image][\/et_pb_column_inner][\/et_pb_row_inner][\/et_pb_column][\/et_pb_section][et_pb_section fb_built=&#8220;1&#8243; admin_label=&#8220;Features&#8220; _builder_version=&#8220;4.22.0&#8243; _module_preset=&#8220;default&#8220; collapsed=&#8220;on&#8220; global_colors_info=&#8220;{}&#8220;][et_pb_row _builder_version=&#8220;4.22.0&#8243; _module_preset=&#8220;default&#8220; global_colors_info=&#8220;{}&#8220;][et_pb_column type=&#8220;4_4&#8243; _builder_version=&#8220;4.22.0&#8243; _module_preset=&#8220;default&#8220; global_colors_info=&#8220;{}&#8220;][et_pb_text _builder_version=&#8220;4.24.3&#8243; _module_preset=&#8220;05cd8c7e-a753-43c6-9747-1d9678e5924f&#8220; global_colors_info=&#8220;{}&#8220;]<\/p>\n<h2 style=\"text-align: center;\">Pridajte sa do na\u0161ej komunity:<\/h2>\n<p>[\/et_pb_text][\/et_pb_column][\/et_pb_row][et_pb_row column_structure=&#8220;1_5,3_5,1_5&#8243; _builder_version=&#8220;4.24.3&#8243; _module_preset=&#8220;default&#8220; global_colors_info=&#8220;{}&#8220;][et_pb_column type=&#8220;1_5&#8243; _builder_version=&#8220;4.24.3&#8243; _module_preset=&#8220;default&#8220; global_colors_info=&#8220;{}&#8220;][\/et_pb_column][et_pb_column type=&#8220;3_5&#8243; _builder_version=&#8220;4.24.3&#8243; _module_preset=&#8220;default&#8220; global_colors_info=&#8220;{}&#8220;][et_pb_text _builder_version=&#8220;4.24.3&#8243; _module_preset=&#8220;default&#8220; global_colors_info=&#8220;{}&#8220;]<script>\n        (function (w,d,s,o,f,js,fjs) {\n            w['ecm-widget']=o;w[o] = w[o] || function () { (w[o].q = w[o].q || []).push(arguments) };\n            js = d.createElement(s), fjs = d.getElementsByTagName(s)[0];\n            js.id = '12-04d9c95424b2f28aaece6f953bb0e4aa'; js.dataset.a = 'tami'; js.src = f; js.async = 1; fjs.parentNode.insertBefore(js, fjs);\n        }(window, document, 'script', 'ecmwidget', 'https:\/\/d70shl7vidtft.cloudfront.net\/widget.js'));\n    <\/script><\/p>\n<div id=\"f-12-04d9c95424b2f28aaece6f953bb0e4aa\"><\/div>\n<p>[\/et_pb_text][\/et_pb_column][et_pb_column type=&#8220;1_5&#8243; _builder_version=&#8220;4.24.3&#8243; _module_preset=&#8220;default&#8220; global_colors_info=&#8220;{}&#8220;][\/et_pb_column][\/et_pb_row][\/et_pb_section][et_pb_section fb_built=&#8220;1&#8243; admin_label=&#8220;Testimonials&#8220; _builder_version=&#8220;4.22.0&#8243; _module_preset=&#8220;default&#8220; background_color=&#8220;gcid-fc7b31e8-94d8-4560-b647-c33fa43cc805&#8243; width_tablet=&#8220;80%&#8220; width_phone=&#8220;80%&#8220; width_last_edited=&#8220;off|tablet&#8220; custom_margin=&#8220;30px|30px|30px|30px|true|true&#8220; module_alignment_tablet=&#8220;center&#8220; module_alignment_phone=&#8220;center&#8220; module_alignment_last_edited=&#8220;on|desktop&#8220; border_radii=&#8220;on|10px|10px|10px|10px&#8220; saved_tabs=&#8220;all&#8220; collapsed=&#8220;on&#8220; global_colors_info=&#8220;{%22gcid-fc7b31e8-94d8-4560-b647-c33fa43cc805%22:%91%22background_color%22%93}&#8220;][et_pb_row _builder_version=&#8220;4.22.0&#8243; _module_preset=&#8220;default&#8220; global_colors_info=&#8220;{}&#8220;][et_pb_column type=&#8220;4_4&#8243; _builder_version=&#8220;4.22.0&#8243; _module_preset=&#8220;default&#8220; global_colors_info=&#8220;{}&#8220;][et_pb_text _builder_version=&#8220;4.22.0&#8243; _module_preset=&#8220;05cd8c7e-a753-43c6-9747-1d9678e5924f&#8220; text_orientation=&#8220;center&#8220; global_colors_info=&#8220;{}&#8220;]<\/p>\n<h2>Ako sa v\u00e1m podcast p\u00e1\u010di<\/h2>\n<p>[\/et_pb_text][\/et_pb_column][\/et_pb_row][et_pb_row _builder_version=&#8220;4.22.0&#8243; _module_preset=&#8220;default&#8220; background_color=&#8220;#FFFFFF&#8220; width=&#8220;90%&#8220; border_radii=&#8220;on|10px|10px|10px|10px&#8220; global_colors_info=&#8220;{}&#8220;][et_pb_column type=&#8220;4_4&#8243; _builder_version=&#8220;4.22.0&#8243; _module_preset=&#8220;default&#8220; global_colors_info=&#8220;{}&#8220;][et_pb_slider _builder_version=&#8220;4.22.0&#8243; _module_preset=&#8220;3b4b503d-4844-48a1-b792-dceae9460610&#8243; custom_padding=&#8220;40px||80px||false|false&#8220; custom_padding_tablet=&#8220;0px||60px||false|false&#8220; custom_padding_phone=&#8220;0px||||false|false&#8220; custom_padding_last_edited=&#8220;on|phone&#8220; locked=&#8220;off&#8220; global_colors_info=&#8220;{%22gcid-bddc0b07-204a-471f-a9e9-ce834b37b79c%22:%91%22body_text_color%22,%22body_text_color%22,%22body_text_color%22%93}&#8220;][et_pb_slide heading=&#8220;Bolo to pecka, som velmi inspirovany. Tesim sa na dalsi diel.<br \/>\n&#8220; _builder_version=&#8220;4.22.0&#8243; _module_preset=&#8220;default&#8220; locked=&#8220;off&#8220; global_colors_info=&#8220;{}&#8220; sticky_transition=&#8220;on&#8220;]<\/p>\n<p>Jaroslav O.<\/p>\n<p>[\/et_pb_slide][et_pb_slide heading=&#8220;skvel\u00fd podcast \ud83d\udd25&#8220; _builder_version=&#8220;4.22.0&#8243; _module_preset=&#8220;default&#8220; locked=&#8220;off&#8220; global_colors_info=&#8220;{}&#8220; sticky_transition=&#8220;on&#8220;]<\/p>\n<p>MATEJ \u0160.<\/p>\n<p>[\/et_pb_slide][et_pb_slide heading=&#8220;V\u00fdborn\u00e9 marketingov\u00e9 tajomstvo Tami. Klienti naozaj nemaj\u00fa predstavu o tom, \u010do v\u0161etko za vytvoren\u00edm videa je alebo ktor\u00e1 slu\u017eba ko\u013eko stoj\u00ed. Ur\u010dite super tip na \u010fal\u0161ie tajomstv\u00e1 alebo rubriku. \u010eakujem<br \/>\n&#8220; _builder_version=&#8220;4.22.0&#8243; _module_preset=&#8220;default&#8220; locked=&#8220;off&#8220; global_colors_info=&#8220;{}&#8220; sticky_transition=&#8220;on&#8220;]<\/p>\n<p>nikola<\/p>\n<p>[\/et_pb_slide][\/et_pb_slider][\/et_pb_column][\/et_pb_row][\/et_pb_section][et_pb_section fb_built=&#8220;1&#8243; admin_label=&#8220;Footer&#8220; _builder_version=&#8220;4.22.0&#8243; _module_preset=&#8220;default&#8220; background_color=&#8220;#000000&#8243; saved_tabs=&#8220;all&#8220; collapsed=&#8220;on&#8220; global_colors_info=&#8220;{}&#8220;][et_pb_row _builder_version=&#8220;4.22.0&#8243; _module_preset=&#8220;default&#8220; global_colors_info=&#8220;{}&#8220;][et_pb_column type=&#8220;4_4&#8243; _builder_version=&#8220;4.22.0&#8243; _module_preset=&#8220;default&#8220; global_colors_info=&#8220;{}&#8220;][et_pb_text _builder_version=&#8220;4.24.3&#8243; _module_preset=&#8220;05cd8c7e-a753-43c6-9747-1d9678e5924f&#8220; global_colors_info=&#8220;{}&#8220;]<\/p>\n<h2>\u010co m\u00f4\u017eete o\u010dak\u00e1va\u0165<\/h2>\n<p>[\/et_pb_text][\/et_pb_column][\/et_pb_row][et_pb_row column_structure=&#8220;1_2,1_2&#8243; _builder_version=&#8220;4.22.0&#8243; _module_preset=&#8220;default&#8220; global_colors_info=&#8220;{}&#8220;][et_pb_column type=&#8220;1_2&#8243; _builder_version=&#8220;4.22.0&#8243; _module_preset=&#8220;default&#8220; global_colors_info=&#8220;{}&#8220;][et_pb_text _builder_version=&#8220;4.22.0&#8243; _module_preset=&#8220;ba9f20cf-2dab-41ec-8684-860181966b5e&#8220; header_6_text_color=&#8220;gcid-bddc0b07-204a-471f-a9e9-ce834b37b79c&#8220; custom_margin=&#8220;||0px||false|false&#8220; global_colors_info=&#8220;{%22gcid-bddc0b07-204a-471f-a9e9-ce834b37b79c%22:%91%22header_6_text_color%22%93}&#8220;]<\/p>\n<h6>Email<\/h6>\n<p>[\/et_pb_text][et_pb_text _builder_version=&#8220;4.24.3&#8243; _module_preset=&#8220;c34f6651-30ec-492c-b2ba-b7d8fea32ded&#8220; link_text_color=&#8220;gcid-a13652f3-2793-4cb6-9d99-526eb1549d6a&#8220; header_5_text_color=&#8220;#FFFFFF&#8220; global_colors_info=&#8220;{%22gcid-a13652f3-2793-4cb6-9d99-526eb1549d6a%22:%91%22link_text_color%22%93}&#8220;]<\/p>\n<h5>marketingovetajomstva@gmail.com<\/h5>\n<p>[\/et_pb_text][\/et_pb_column][et_pb_column type=&#8220;1_2&#8243; _builder_version=&#8220;4.22.0&#8243; _module_preset=&#8220;default&#8220; global_colors_info=&#8220;{}&#8220;][et_pb_text _builder_version=&#8220;4.22.0&#8243; _module_preset=&#8220;ba9f20cf-2dab-41ec-8684-860181966b5e&#8220; header_6_text_color=&#8220;gcid-bddc0b07-204a-471f-a9e9-ce834b37b79c&#8220; custom_margin=&#8220;||0px||false|false&#8220; locked=&#8220;off&#8220; global_colors_info=&#8220;{%22gcid-bddc0b07-204a-471f-a9e9-ce834b37b79c%22:%91%22header_6_text_color%22%93}&#8220;]<\/p>\n<h6>Follow<\/h6>\n<p>[\/et_pb_text][et_pb_text _builder_version=&#8220;4.24.3&#8243; _module_preset=&#8220;f218784a-5d96-4a4a-aa2a-d5de3a9f0fa1&#8243; link_text_color=&#8220;#FFFFFF&#8220; header_3_text_color=&#8220;#FFFFFF&#8220; custom_margin=&#8220;||0px||false|false&#8220; link_option_url=&#8220;https:\/\/www.instagram.com\/marketingovetajomstva.sk\/&#8220; link_option_url_new_window=&#8220;on&#8220; global_colors_info=&#8220;{}&#8220; link_text_color__hover=&#8220;#FCB02F&#8220; link_text_color__hover_enabled=&#8220;on|hover&#8220;]<\/p>\n<h3><a href=\"#\">Instagram<\/a><\/h3>\n<p>[\/et_pb_text][\/et_pb_column][\/et_pb_row][et_pb_row _builder_version=&#8220;4.22.0&#8243; _module_preset=&#8220;default&#8220; global_colors_info=&#8220;{}&#8220;][et_pb_column type=&#8220;4_4&#8243; _builder_version=&#8220;4.22.0&#8243; _module_preset=&#8220;default&#8220; global_colors_info=&#8220;{}&#8220;][et_pb_text _builder_version=&#8220;4.24.3&#8243; _dynamic_attributes=&#8220;content&#8220; _module_preset=&#8220;b631f738-ab1c-4a68-b573-68c3728547a9&#8243; text_orientation=&#8220;center&#8220; global_colors_info=&#8220;{}&#8220;]@ET-DC@eyJkeW5hbWljIjp0cnVlLCJjb250ZW50IjoiY3VycmVudF9kYXRlIiwic2V0dGluZ3MiOnsiYmVmb3JlIjoiQ29weXJpZ2h0ICZjb3B5OyAiLCJhZnRlciI6IiAgTWFya2V0aW5nb3ZcdTAwZTkgdGFqb21zdHZcdTAwZTEgSSBWXHUwMTYxZXRreSBwclx1MDBlMXZhIHZ5aHJhZGVuXHUwMGU5IiwiZGF0ZV9mb3JtYXQiOiJjdXN0b20iLCJjdXN0b21fZGF0ZV9mb3JtYXQiOiJZIn19@[\/et_pb_text][\/et_pb_column][\/et_pb_row][\/et_pb_section]<\/p>\n","protected":false},"excerpt":{"rendered":"<p>Nov\u00fd podcast o marketinguMarketingov\u00e9 tajomstv\u00e1Dve market\u00e9rky &#8211; Tamara Gon\u010darova (TAMI) a Veronika Bo\u0161kov\u00e1 (Veron) sa spojili v podcaste, ktor\u00fd si chcete vypo\u010du\u0165.Pozvite n\u00e1s na k\u00e1vuPodcast, ktor\u00fd va\u0161ej firme pom\u00f4\u017ee r\u00e1s\u0165Sme marketingov\u00e9 expertky s dek\u00e1dou sk\u00fasenost\u00ed a stovkami spolupr\u00e1c s mal\u00fdmi \u010di ve\u013ek\u00fdmi zna\u010dkami. O marketingu nielen rozpr\u00e1vame, ale n\u00edm aj \u017eijeme. V na\u0161om podcaste sa [&hellip;]<\/p>\n","protected":false},"author":1,"featured_media":0,"parent":2,"menu_order":0,"comment_status":"closed","ping_status":"closed","template":"page-template-blank.php","meta":{"_et_pb_use_builder":"on","_et_pb_old_content":"","_et_gb_content_width":"","_monsterinsights_skip_tracking":false,"_monsterinsights_sitenote_active":false,"_monsterinsights_sitenote_note":"","_monsterinsights_sitenote_category":0,"footnotes":""},"yoast_head":"<!-- This site is optimized with the Yoast SEO plugin v22.5 - https:\/\/yoast.com\/wordpress\/plugins\/seo\/ -->\n<title>Domov - Marketingov\u00e9 tajomstv\u00e1<\/title>\n<meta name=\"robots\" content=\"index, follow, max-snippet:-1, max-image-preview:large, max-video-preview:-1\" \/>\n<link rel=\"canonical\" href=\"https:\/\/www.marketingovetajomstva.sk\/\" \/>\n<meta property=\"og:locale\" content=\"sk_SK\" \/>\n<meta property=\"og:type\" content=\"article\" \/>\n<meta property=\"og:title\" content=\"Domov - Marketingov\u00e9 tajomstv\u00e1\" \/>\n<meta property=\"og:description\" content=\"Nov\u00fd podcast o marketinguMarketingov\u00e9 tajomstv\u00e1Dve market\u00e9rky - Tamara Gon\u010darova (TAMI) a Veronika Bo\u0161kov\u00e1 (Veron) sa spojili v podcaste, ktor\u00fd si chcete vypo\u010du\u0165.Pozvite n\u00e1s na k\u00e1vuPodcast, ktor\u00fd va\u0161ej firme pom\u00f4\u017ee r\u00e1s\u0165Sme marketingov\u00e9 expertky s dek\u00e1dou sk\u00fasenost\u00ed a stovkami spolupr\u00e1c s mal\u00fdmi \u010di ve\u013ek\u00fdmi zna\u010dkami. O marketingu nielen rozpr\u00e1vame, ale n\u00edm aj \u017eijeme. V na\u0161om podcaste sa [&hellip;]\" \/>\n<meta property=\"og:url\" content=\"https:\/\/www.marketingovetajomstva.sk\/\" \/>\n<meta property=\"og:site_name\" content=\"Marketingov\u00e9 tajomstv\u00e1\" \/>\n<meta property=\"article:modified_time\" content=\"2024-10-02T07:49:32+00:00\" \/>\n<meta name=\"twitter:card\" content=\"summary_large_image\" \/>\n<meta name=\"twitter:label1\" content=\"Predpokladan\u00fd \u010das \u010d\u00edtania\" \/>\n\t<meta name=\"twitter:data1\" content=\"3 min\u00faty\" \/>\n<script type=\"application\/ld+json\" class=\"yoast-schema-graph\">{\"@context\":\"https:\/\/schema.org\",\"@graph\":[{\"@type\":\"WebPage\",\"@id\":\"https:\/\/www.marketingovetajomstva.sk\/\",\"url\":\"https:\/\/www.marketingovetajomstva.sk\/\",\"name\":\"Domov - Marketingov\u00e9 tajomstv\u00e1\",\"isPartOf\":{\"@id\":\"https:\/\/www.marketingovetajomstva.sk\/#website\"},\"datePublished\":\"2024-04-30T15:43:18+00:00\",\"dateModified\":\"2024-10-02T07:49:32+00:00\",\"breadcrumb\":{\"@id\":\"https:\/\/www.marketingovetajomstva.sk\/#breadcrumb\"},\"inLanguage\":\"sk-SK\",\"potentialAction\":[{\"@type\":\"ReadAction\",\"target\":[\"https:\/\/www.marketingovetajomstva.sk\/\"]}]},{\"@type\":\"BreadcrumbList\",\"@id\":\"https:\/\/www.marketingovetajomstva.sk\/#breadcrumb\",\"itemListElement\":[{\"@type\":\"ListItem\",\"position\":1,\"name\":\"Home\",\"item\":\"https:\/\/www.marketingovetajomstva.sk\/\"},{\"@type\":\"ListItem\",\"position\":2,\"name\":\"Uk\u00e1\u017ekov\u00e1 str\u00e1nka\",\"item\":\"https:\/\/www.marketingovetajomstva.sk\/?page_id=2\"},{\"@type\":\"ListItem\",\"position\":3,\"name\":\"Domov\"}]},{\"@type\":\"WebSite\",\"@id\":\"https:\/\/www.marketingovetajomstva.sk\/#website\",\"url\":\"https:\/\/www.marketingovetajomstva.sk\/\",\"name\":\"Marketingov\u00e9 tajomstv\u00e1\",\"description\":\"\",\"potentialAction\":[{\"@type\":\"SearchAction\",\"target\":{\"@type\":\"EntryPoint\",\"urlTemplate\":\"https:\/\/www.marketingovetajomstva.sk\/?s={search_term_string}\"},\"query-input\":\"required name=search_term_string\"}],\"inLanguage\":\"sk-SK\"}]}<\/script>\n<!-- \/ Yoast SEO plugin. -->","yoast_head_json":{"title":"Domov - Marketingov\u00e9 tajomstv\u00e1","robots":{"index":"index","follow":"follow","max-snippet":"max-snippet:-1","max-image-preview":"max-image-preview:large","max-video-preview":"max-video-preview:-1"},"canonical":"https:\/\/www.marketingovetajomstva.sk\/","og_locale":"sk_SK","og_type":"article","og_title":"Domov - Marketingov\u00e9 tajomstv\u00e1","og_description":"Nov\u00fd podcast o marketinguMarketingov\u00e9 tajomstv\u00e1Dve market\u00e9rky - Tamara Gon\u010darova (TAMI) a Veronika Bo\u0161kov\u00e1 (Veron) sa spojili v podcaste, ktor\u00fd si chcete vypo\u010du\u0165.Pozvite n\u00e1s na k\u00e1vuPodcast, ktor\u00fd va\u0161ej firme pom\u00f4\u017ee r\u00e1s\u0165Sme marketingov\u00e9 expertky s dek\u00e1dou sk\u00fasenost\u00ed a stovkami spolupr\u00e1c s mal\u00fdmi \u010di ve\u013ek\u00fdmi zna\u010dkami. O marketingu nielen rozpr\u00e1vame, ale n\u00edm aj \u017eijeme. V na\u0161om podcaste sa [&hellip;]","og_url":"https:\/\/www.marketingovetajomstva.sk\/","og_site_name":"Marketingov\u00e9 tajomstv\u00e1","article_modified_time":"2024-10-02T07:49:32+00:00","twitter_card":"summary_large_image","twitter_misc":{"Predpokladan\u00fd \u010das \u010d\u00edtania":"3 min\u00faty"},"schema":{"@context":"https:\/\/schema.org","@graph":[{"@type":"WebPage","@id":"https:\/\/www.marketingovetajomstva.sk\/","url":"https:\/\/www.marketingovetajomstva.sk\/","name":"Domov - Marketingov\u00e9 tajomstv\u00e1","isPartOf":{"@id":"https:\/\/www.marketingovetajomstva.sk\/#website"},"datePublished":"2024-04-30T15:43:18+00:00","dateModified":"2024-10-02T07:49:32+00:00","breadcrumb":{"@id":"https:\/\/www.marketingovetajomstva.sk\/#breadcrumb"},"inLanguage":"sk-SK","potentialAction":[{"@type":"ReadAction","target":["https:\/\/www.marketingovetajomstva.sk\/"]}]},{"@type":"BreadcrumbList","@id":"https:\/\/www.marketingovetajomstva.sk\/#breadcrumb","itemListElement":[{"@type":"ListItem","position":1,"name":"Home","item":"https:\/\/www.marketingovetajomstva.sk\/"},{"@type":"ListItem","position":2,"name":"Uk\u00e1\u017ekov\u00e1 str\u00e1nka","item":"https:\/\/www.marketingovetajomstva.sk\/?page_id=2"},{"@type":"ListItem","position":3,"name":"Domov"}]},{"@type":"WebSite","@id":"https:\/\/www.marketingovetajomstva.sk\/#website","url":"https:\/\/www.marketingovetajomstva.sk\/","name":"Marketingov\u00e9 tajomstv\u00e1","description":"","potentialAction":[{"@type":"SearchAction","target":{"@type":"EntryPoint","urlTemplate":"https:\/\/www.marketingovetajomstva.sk\/?s={search_term_string}"},"query-input":"required name=search_term_string"}],"inLanguage":"sk-SK"}]}},"_links":{"self":[{"href":"https:\/\/www.marketingovetajomstva.sk\/index.php?rest_route=\/wp\/v2\/pages\/6"}],"collection":[{"href":"https:\/\/www.marketingovetajomstva.sk\/index.php?rest_route=\/wp\/v2\/pages"}],"about":[{"href":"https:\/\/www.marketingovetajomstva.sk\/index.php?rest_route=\/wp\/v2\/types\/page"}],"author":[{"embeddable":true,"href":"https:\/\/www.marketingovetajomstva.sk\/index.php?rest_route=\/wp\/v2\/users\/1"}],"replies":[{"embeddable":true,"href":"https:\/\/www.marketingovetajomstva.sk\/index.php?rest_route=%2Fwp%2Fv2%2Fcomments&post=6"}],"version-history":[{"count":6,"href":"https:\/\/www.marketingovetajomstva.sk\/index.php?rest_route=\/wp\/v2\/pages\/6\/revisions"}],"predecessor-version":[{"id":92,"href":"https:\/\/www.marketingovetajomstva.sk\/index.php?rest_route=\/wp\/v2\/pages\/6\/revisions\/92"}],"up":[{"embeddable":true,"href":"https:\/\/www.marketingovetajomstva.sk\/index.php?rest_route=\/wp\/v2\/pages\/2"}],"wp:attachment":[{"href":"https:\/\/www.marketingovetajomstva.sk\/index.php?rest_route=%2Fwp%2Fv2%2Fmedia&parent=6"}],"curies":[{"name":"wp","href":"https:\/\/api.w.org\/{rel}","templated":true}]}}